{"id":844,"date":"2021-03-26T18:17:40","date_gmt":"2021-03-26T17:17:40","guid":{"rendered":"https:\/\/cfirconsulting.com\/?page_id=844"},"modified":"2021-04-03T15:04:35","modified_gmt":"2021-04-03T13:04:35","slug":"nos-references","status":"publish","type":"page","link":"https:\/\/cfirconsulting.com\/index.php\/nos-references\/","title":{"rendered":"Nos r\u00e9ferences"},"content":{"rendered":"<p>CFIR Consulting est le sp\u00e9cialiste du RECRUTEMENT- INTERIM- CONSEIL R.H.-AUDIT- FORMATION-ASSISTANCE. Nos clients, qui exercent leur m\u00e9tiers dans des secteurs d\u2019activit\u00e9s tr\u00e8s vari\u00e9es nous font confiance depuis la cr\u00e9ation de CFIR Consulting en 2008.<\/p>\n<ul>\n<li>Commerce\/Distribution : Soci\u00e9t\u00e9 des \u00e9quipements industriels et de n\u00e9goces<\/li>\n<li>Agro-alimentaire : Compagnie Agroalimentaire de BENIN<\/li>\n<li>Immobilier et BTP : EBOMAF- FRANZETTI- AML- PNHG<\/li>\n<li>Energie solaire : FONROCHE BENIN- ENERGIE KONZEPTE<\/li>\n<li>Industrie : Soci\u00e9t\u00e9 des Ciments du BENIN- Soci\u00e9t\u00e9 des Brasseries du BENIN<\/li>\n<li>Exploitation p\u00e9troli\u00e8re : GEOCEAN France \u00ab Projet SEME Field BENIN \u00bb<\/li>\n<li>Transport\/Logistique : Soci\u00e9t\u00e9 YALAU Logistique\/BCG-LGTTP\/ HOEGH Autoliners<\/li>\n<li>T\u00e9l\u00e9communication : CAMUSAT<\/li>\n<li>Etude et Marketing : NIELSENS<\/li>\n<li>S\u00e9curit\u00e9\/Gardiennage : CENTURION BENIN\/ GSI S\u00e9curit\u00e9<\/li>\n<li>M\u00e9dias\/Presse : Radio Carrefour TV<\/li>\n<li>Institution : R\u00e9seau Ouest Africain des C\u00e9r\u00e9aliers \u00ab R.O.A.C \u00bb<\/li>\n<li>Bureau d\u2019Etudes<\/li>\n<li>Louis Berger<\/li>\n<li>Enrochement : Bellsea LTD\/DEME Group<\/li>\n<li>Import\/Export : SEINE BENIN<\/li>\n<li>A\u00e9roportuaire : Soci\u00e9t\u00e9 des A\u00e9roports du BENIN<\/li>\n<li>Transport et distribution de Couriers : Express Coursier<\/li>\n<li>Vous aussi franchissez le cap et d\u00e9veloppez vos activit\u00e9s sans risque avec CFIR Consulting.<\/li>\n<\/ul>\n<p>FAITES APPEL A NOS SERVICES<\/p>\n","protected":false},"excerpt":{"rendered":"<p>CFIR Consulting est le sp\u00e9cialiste du RECRUTEMENT- INTERIM- CONSEIL R.H.-AUDIT- FORMATION-ASSISTANCE. Nos clients, qui exercent<\/p>\n","protected":false},"author":1,"featured_media":0,"parent":0,"menu_order":0,"comment_status":"closed","ping_status":"closed","template":"","meta":{"footnotes":""},"class_list":["post-844","page","type-page","status-publish","hentry"],"_links":{"self":[{"href":"https:\/\/cfirconsulting.com\/index.php\/wp-json\/wp\/v2\/pages\/844","targetHints":{"allow":["GET"]}}],"collection":[{"href":"https:\/\/cfirconsulting.com\/index.php\/wp-json\/wp\/v2\/pages"}],"about":[{"href":"https:\/\/cfirconsulting.com\/index.php\/wp-json\/wp\/v2\/types\/page"}],"author":[{"embeddable":true,"href":"https:\/\/cfirconsulting.com\/index.php\/wp-json\/wp\/v2\/users\/1"}],"replies":[{"embeddable":true,"href":"https:\/\/cfirconsulting.com\/index.php\/wp-json\/wp\/v2\/comments?post=844"}],"version-history":[{"count":3,"href":"https:\/\/cfirconsulting.com\/index.php\/wp-json\/wp\/v2\/pages\/844\/revisions"}],"predecessor-version":[{"id":930,"href":"https:\/\/cfirconsulting.com\/index.php\/wp-json\/wp\/v2\/pages\/844\/revisions\/930"}],"wp:attachment":[{"href":"https:\/\/cfirconsulting.com\/index.php\/wp-json\/wp\/v2\/media?parent=844"}],"curies":[{"name":"wp","href":"https:\/\/api.w.org\/{rel}","templated":true}]}}