{"id":842,"date":"2021-03-26T18:17:26","date_gmt":"2021-03-26T17:17:26","guid":{"rendered":"https:\/\/cfirconsulting.com\/?page_id=842"},"modified":"2022-12-07T10:36:00","modified_gmt":"2022-12-07T09:36:00","slug":"mise-a-dispositions","status":"publish","type":"page","link":"https:\/\/cfirconsulting.com\/index.php\/mise-a-dispositions\/","title":{"rendered":"Mise \u00e0 disposition"},"content":{"rendered":"\t\t<div data-elementor-type=\"wp-page\" data-elementor-id=\"842\" class=\"elementor elementor-842\">\n\t\t\t\t\t\t<section class=\"elementor-section elementor-top-section elementor-element elementor-element-3d968ce9 elementor-section-boxed elementor-section-height-default elementor-section-height-default\" data-id=\"3d968ce9\" data-element_type=\"section\" data-e-type=\"section\">\n\t\t\t\t\t\t<div class=\"elementor-container elementor-column-gap-default\">\n\t\t\t\t\t<div class=\"elementor-column elementor-col-100 elementor-top-column elementor-element elementor-element-c3386df\" data-id=\"c3386df\" data-element_type=\"column\" data-e-type=\"column\">\n\t\t\t<div class=\"elementor-widget-wrap elementor-element-populated\">\n\t\t\t\t\t\t<div class=\"elementor-element elementor-element-2c48249f elementor-widget elementor-widget-image\" data-id=\"2c48249f\" data-element_type=\"widget\" data-e-type=\"widget\" data-widget_type=\"image.default\">\n\t\t\t\t<div class=\"elementor-widget-container\">\n\t\t\t\t\t\t\t\t\t\t\t\t\t\t\t<img fetchpriority=\"high\" decoding=\"async\" width=\"1140\" height=\"462\" src=\"https:\/\/cfirconsulting.com\/wp-content\/uploads\/2021\/04\/Mutation-detachement-mise-a-disposition-disponibilite-la-mobilite-encadree_slider_hub_homepage-1.jpg\" class=\"attachment-full size-full wp-image-879\" alt=\"\" srcset=\"https:\/\/cfirconsulting.com\/wp-content\/uploads\/2021\/04\/Mutation-detachement-mise-a-disposition-disponibilite-la-mobilite-encadree_slider_hub_homepage-1.jpg 1140w, https:\/\/cfirconsulting.com\/wp-content\/uploads\/2021\/04\/Mutation-detachement-mise-a-disposition-disponibilite-la-mobilite-encadree_slider_hub_homepage-1-300x122.jpg 300w, https:\/\/cfirconsulting.com\/wp-content\/uploads\/2021\/04\/Mutation-detachement-mise-a-disposition-disponibilite-la-mobilite-encadree_slider_hub_homepage-1-1024x415.jpg 1024w, https:\/\/cfirconsulting.com\/wp-content\/uploads\/2021\/04\/Mutation-detachement-mise-a-disposition-disponibilite-la-mobilite-encadree_slider_hub_homepage-1-768x311.jpg 768w\" sizes=\"(max-width: 1140px) 100vw, 1140px\" \/>\t\t\t\t\t\t\t\t\t\t\t\t\t\t\t<\/div>\n\t\t\t\t<\/div>\n\t\t\t\t<div class=\"elementor-element elementor-element-44cdeccf elementor-widget elementor-widget-accordion\" data-id=\"44cdeccf\" data-element_type=\"widget\" data-e-type=\"widget\" data-widget_type=\"accordion.default\">\n\t\t\t\t<div class=\"elementor-widget-container\">\n\t\t\t\t\t\t\t<div class=\"elementor-accordion\">\n\t\t\t\t\t\t\t<div class=\"elementor-accordion-item\">\n\t\t\t\t\t<div id=\"elementor-tab-title-1151\" class=\"elementor-tab-title\" data-tab=\"1\" role=\"button\" aria-controls=\"elementor-tab-content-1151\" aria-expanded=\"false\">\n\t\t\t\t\t\t\t\t\t\t\t\t\t<span class=\"elementor-accordion-icon elementor-accordion-icon-right\" aria-hidden=\"true\">\n\t\t\t\t\t\t\t\t\t\t\t\t\t\t\t<span class=\"elementor-accordion-icon-closed\"><i class=\"fas fa-plus\"><\/i><\/span>\n\t\t\t\t\t\t\t\t<span class=\"elementor-accordion-icon-opened\"><i class=\"fas fa-minus\"><\/i><\/span>\n\t\t\t\t\t\t\t\t\t\t\t\t\t\t<\/span>\n\t\t\t\t\t\t\t\t\t\t\t\t<a class=\"elementor-accordion-title\" tabindex=\"0\">MISE A DISPOSITION DE CADRES ET PERSONNELS DE BUREAU EXPERIMENTES<\/a>\n\t\t\t\t\t<\/div>\n\t\t\t\t\t<div id=\"elementor-tab-content-1151\" class=\"elementor-tab-content elementor-clearfix\" data-tab=\"1\" role=\"region\" aria-labelledby=\"elementor-tab-title-1151\"><p><strong>Administratif-Banque-Assurance-Telecom-Etc<\/strong><\/p><p>Pour se d\u00e9velopper et structurer leurs activit\u00e9s, les entreprises ont des besoins sp\u00e9cifiques en personnel et il faut s\u2019entourer de bonnes personnes.<\/p><p>Mais ces besoins, qu\u2019ils soient temporaires ou r\u00e9currents, ne n\u00e9cessitent pas forcement une embauche \u00e0 temps plein, et cela emp\u00eache parfois les entreprises d\u2019attirer les meilleurs candidats.<\/p><p>Le recours \u00e0 l\u2019int\u00e9rim permet de r\u00e9pondre sur mesure \u00e0 ces besoins de comp\u00e9tences. De plusieurs jours par semaine \u00e0 quelques heures par mois, le contrat d\u2019int\u00e9rim permet aux entreprises de b\u00e9n\u00e9ficier des comp\u00e9tences dont elles ont besoin tout en maitrisant les couts.<\/p><p>Chaque salari\u00e9 est qualifi\u00e9 dans son domaine de comp\u00e9tence.<\/p><p>Apportez de nouvelles comp\u00e9tences \u00e0 votre entreprise et d\u00e9couvrez nos domaines d\u2019interventions\u00a0!<\/p><p><strong>Administratif<\/strong><\/p><p>Accueil, secr\u00e9tariat, assistant commercial, etc. nous mettons \u00e0 votre disposition un salari\u00e9 selon vos besoins pour votre gestion administrative quotidiennes, qu\u2019elle soit g\u00e9n\u00e9raliste ou sp\u00e9cialis\u00e9e.<\/p><p><strong>Gestion<\/strong><\/p><p>Contr\u00f4le de gestion, finance, paie, nos salari\u00e9s sont disponibles pour des fonctions op\u00e9rationnelles ou des postes de direction sur un temps dimensionn\u00e9 selon votre demande \u00e9volutif.<\/p><p><strong>Communication<\/strong><\/p><p>Nous mettons \u00e0 votre disposition nos salari\u00e9s sp\u00e9cialis\u00e9s dans la communication et le marketing afin de d\u00e9velopper votre communication, organiser vos \u00e9v\u00e8nements et g\u00e9rer les relations clients\/presse<\/p><p><strong>Ressources Humaines<\/strong><\/p><p>Assistant RH, Charg\u00e9 de recrutement, responsable de formation ou juriste, nous mettons \u00e0 votre disposition un salari\u00e9 qualifi\u00e9 dot\u00e9 d\u2019une expertise m\u00e9tier pour soutenir dans l\u2019activit\u00e9<\/p><p><strong>Informatique<\/strong><\/p><p>Afin d\u2019assurer la maintenance de votre parc informatique, la mise \u00e0 jour de votre site internet, votre pr\u00e9sence sur les r\u00e9seaux sociaux, nous mettons \u00e0 votre disposition un salari\u00e9 comp\u00e9tent \u00e0 temps tr\u00e8s partiel ou complet.<\/p><\/div>\n\t\t\t\t<\/div>\n\t\t\t\t\t\t\t<div class=\"elementor-accordion-item\">\n\t\t\t\t\t<div id=\"elementor-tab-title-1152\" class=\"elementor-tab-title\" data-tab=\"2\" role=\"button\" aria-controls=\"elementor-tab-content-1152\" aria-expanded=\"false\">\n\t\t\t\t\t\t\t\t\t\t\t\t\t<span class=\"elementor-accordion-icon elementor-accordion-icon-right\" aria-hidden=\"true\">\n\t\t\t\t\t\t\t\t\t\t\t\t\t\t\t<span class=\"elementor-accordion-icon-closed\"><i class=\"fas fa-plus\"><\/i><\/span>\n\t\t\t\t\t\t\t\t<span class=\"elementor-accordion-icon-opened\"><i class=\"fas fa-minus\"><\/i><\/span>\n\t\t\t\t\t\t\t\t\t\t\t\t\t\t<\/span>\n\t\t\t\t\t\t\t\t\t\t\t\t<a class=\"elementor-accordion-title\" tabindex=\"0\">MISE A DISPOSITION DE PERSONNEL D\u2019HOTELLERIE ET DE RESTAURATION<\/a>\n\t\t\t\t\t<\/div>\n\t\t\t\t\t<div id=\"elementor-tab-content-1152\" class=\"elementor-tab-content elementor-clearfix\" data-tab=\"2\" role=\"region\" aria-labelledby=\"elementor-tab-title-1152\"><p>S\u00e9lection et recrutement de personnel d\u2019h\u00f4tellerie \/ restauration<\/p><p><strong>Les candidats<\/strong> : Des d\u00e9butant qualifi\u00e9s ou cadres<\/p><p><strong>Les employeurs<\/strong> : H\u00f4tels ind\u00e9pendants, chaines, groupes de 2 \u00e9toiles aux palaces. Les groupes de restaurations, les traiteurs\u2026<\/p><p><strong>Les contrats<\/strong> : CDI ,CDD, saisonniers, int\u00e9rim, extra<\/p><p><strong>En h\u00f4tellerie<\/strong> : R\u00e9ception, \u00e9tage, concierge, commercial et services techniques, comptabilit\u00e9, ressources humaines.<\/p><p><strong>En restauration<\/strong> : Commis, chef de rang, Maitre d\u2019h\u00f4tel, barmen, assistant direction restauration, directeur de la restauration.<\/p><p><strong>En cuisine<\/strong> : Commis, chef de partie, second chef de cuisine, p\u00e2tissier\u2026<\/p><p><strong>Profil\u00a0<\/strong>: D\u00e9finition pr\u00e9cise des profils recherch\u00e9s.<\/p><p><strong>Entretien\u00a0<\/strong>: Nous garantissons que l\u2019ensemble des candidats pr\u00e9sent\u00e9s ont eu un ou plusieurs entretiens pr\u00e9alables en face \u00e0 face<\/p><p><strong>R\u00e9f\u00e9rence\u00a0<\/strong>: Nous effectuons un contr\u00f4le de r\u00e9f\u00e9rences<\/p><\/div>\n\t\t\t\t<\/div>\n\t\t\t\t\t\t\t<div class=\"elementor-accordion-item\">\n\t\t\t\t\t<div id=\"elementor-tab-title-1153\" class=\"elementor-tab-title\" data-tab=\"3\" role=\"button\" aria-controls=\"elementor-tab-content-1153\" aria-expanded=\"false\">\n\t\t\t\t\t\t\t\t\t\t\t\t\t<span class=\"elementor-accordion-icon elementor-accordion-icon-right\" aria-hidden=\"true\">\n\t\t\t\t\t\t\t\t\t\t\t\t\t\t\t<span class=\"elementor-accordion-icon-closed\"><i class=\"fas fa-plus\"><\/i><\/span>\n\t\t\t\t\t\t\t\t<span class=\"elementor-accordion-icon-opened\"><i class=\"fas fa-minus\"><\/i><\/span>\n\t\t\t\t\t\t\t\t\t\t\t\t\t\t<\/span>\n\t\t\t\t\t\t\t\t\t\t\t\t<a class=\"elementor-accordion-title\" tabindex=\"0\">MISE \u00c0 DISPOSITION DE PERSONNEL DE SANT\u00c9<\/a>\n\t\t\t\t\t<\/div>\n\t\t\t\t\t<div id=\"elementor-tab-content-1153\" class=\"elementor-tab-content elementor-clearfix\" data-tab=\"3\" role=\"region\" aria-labelledby=\"elementor-tab-title-1153\"><p>Le monde m\u00e9dical connait une progression exponentielle, ce qui nous permet de vivre en meilleurs sant\u00e9.<\/p><p>Pour rester \u00e0 la page et offrir les meilleurs services, il faut une \u00e9quipe de pointe sachant conduire et appliquer les soins n\u00e9cessaires aux patients.<\/p><p>Confiez \u00e0 CFIR consulting votre recrutement de personnel de sant\u00e9 pour construire une \u00e9quipe m\u00e9dical qualifi\u00e9e.<\/p><p>CFIR Consulting ETT d\u00e9veloppe son expertise m\u00e9tier dans 3 domaines\u00a0:<\/p><ul><li>Param\u00e9dical<\/li><li>M\u00e9dical<\/li><li>Social<\/li><\/ul><p>Nous intervenons aupr\u00e8s de diff\u00e9rents \u00e9tablissement\u00a0:<\/p><ul><li>H\u00f4pitaux, cliniques, maternit\u00e9s<\/li><li>Prestataire de soins \u00e0 domicile,<\/li><li>Laboratoire,<\/li><li>Maison d\u2019accueil sp\u00e9cialis\u00e9es, instituts m\u00e9dicaux-\u00e9ducatifs,<\/li><\/ul><p>Recrutement en int\u00e9rim, vacation de bloc op\u00e9ratoire dipl\u00f4m\u00e9 d\u2019\u00e9tat, masseur-kin\u00e9sith\u00e9rapeute, pr\u00e9parateur en pharmacie, Ambulancier, auxiliaire de pu\u00e9riculture, auxiliaire de vie sociale, m\u00e9decin.<\/p><p>CDI, CDD, Int\u00e9rim, La libert\u00e9 de choisir<\/p><\/div>\n\t\t\t\t<\/div>\n\t\t\t\t\t\t\t<div class=\"elementor-accordion-item\">\n\t\t\t\t\t<div id=\"elementor-tab-title-1154\" class=\"elementor-tab-title\" data-tab=\"4\" role=\"button\" aria-controls=\"elementor-tab-content-1154\" aria-expanded=\"false\">\n\t\t\t\t\t\t\t\t\t\t\t\t\t<span class=\"elementor-accordion-icon elementor-accordion-icon-right\" aria-hidden=\"true\">\n\t\t\t\t\t\t\t\t\t\t\t\t\t\t\t<span class=\"elementor-accordion-icon-closed\"><i class=\"fas fa-plus\"><\/i><\/span>\n\t\t\t\t\t\t\t\t<span class=\"elementor-accordion-icon-opened\"><i class=\"fas fa-minus\"><\/i><\/span>\n\t\t\t\t\t\t\t\t\t\t\t\t\t\t<\/span>\n\t\t\t\t\t\t\t\t\t\t\t\t<a class=\"elementor-accordion-title\" tabindex=\"0\">MISE A DISPOSITION DE CONDUCTEURS EXPERIMENTES<\/a>\n\t\t\t\t\t<\/div>\n\t\t\t\t\t<div id=\"elementor-tab-content-1154\" class=\"elementor-tab-content elementor-clearfix\" data-tab=\"4\" role=\"region\" aria-labelledby=\"elementor-tab-title-1154\"><p>Des prestations de qualit\u00e9 \u00e0 la hauteur de vos attentes des chauffeurs exp\u00e9riment\u00e9s qui sauront s\u2019adapter \u00e0 toutes vos exigences.<\/p><p>Parce que nos chauffeurs sont les \u00ab\u00a0Ambassadeurs\u00a0\u00bb de nos clients, nous mettons \u00e0 votre disposition des professionnels s\u00e9lectionn\u00e9s pour leurs qualit\u00e9 de service, impliqu\u00e9 et dynamique b\u00e9n\u00e9ficiant d\u2019une solide et significative exp\u00e9rience de leur m\u00e9tier.<\/p><p>Dot\u00e9s du sens de l\u2019accueil et du service professionnels et comp\u00e9tents, les conducteurs de CFIR consulting s\u2019adaptent en permanence \u00e0 vos besoins vous garantissant \u00e0 chaque instant, ponctualit\u00e9, pr\u00e9sentation, courtoisie, efficacit\u00e9 et discr\u00e9tion.<\/p><p>Les chauffeurs de CFIR consulting sont ais\u00e9ment identifiables \u00e0 leur sourire et de leur disponibilit\u00e9 et travaillent tous avec une tenue vestimentaire identique \u00ab\u00a0costume sombre, chemise blanche, cravate\u00a0\u00bb, \u00e0 l\u2019avant-poste de nos exigences de qualit\u00e9 et de pr\u00e9sentation<\/p><p>Ils maitrisent parfaitement les r\u00e8gles de conduite et le code la route, connaissent les meilleurs itin\u00e9raires et disposent des connaissances les meilleurs itin\u00e9raires et disposent des connaissances techniques indispensables au bon fonctionnement et \u00e0 l\u2019entretien des v\u00e9hicules.<\/p><p>Dans un esprit de s\u00e9curit\u00e9 et enfin d\u2019assurer le confort de nos clients, nos chauffeurs ont tous re\u00e7u la formation de sauveteur secouriste du travail qui permet de<\/p><ul><li>Maitriser la conduite \u00e0 tenir et les gestes de premiers secours<\/li><li>Savoir qui et comment alerter dans l\u2019entreprise ou \u00e0 l\u2019ext\u00e9rieur de l\u2019entreprise<\/li><li>Rep\u00e9rer les situations dangereuses dans son entreprise et savoir \u00e0 qui et comment relayer ces informations<\/li><li>Participer \u00e9ventuellement \u00e0 la mise \u00e0 en \u0153uvre d\u2019action de pr\u00e9vention et de la protection<\/li><\/ul><\/div>\n\t\t\t\t<\/div>\n\t\t\t\t\t\t\t<div class=\"elementor-accordion-item\">\n\t\t\t\t\t<div id=\"elementor-tab-title-1155\" class=\"elementor-tab-title\" data-tab=\"5\" role=\"button\" aria-controls=\"elementor-tab-content-1155\" aria-expanded=\"false\">\n\t\t\t\t\t\t\t\t\t\t\t\t\t<span class=\"elementor-accordion-icon elementor-accordion-icon-right\" aria-hidden=\"true\">\n\t\t\t\t\t\t\t\t\t\t\t\t\t\t\t<span class=\"elementor-accordion-icon-closed\"><i class=\"fas fa-plus\"><\/i><\/span>\n\t\t\t\t\t\t\t\t<span class=\"elementor-accordion-icon-opened\"><i class=\"fas fa-minus\"><\/i><\/span>\n\t\t\t\t\t\t\t\t\t\t\t\t\t\t<\/span>\n\t\t\t\t\t\t\t\t\t\t\t\t<a class=\"elementor-accordion-title\" tabindex=\"0\">MISE A DISPOSITION DE PERSONNEL DE MAISON<\/a>\n\t\t\t\t\t<\/div>\n\t\t\t\t\t<div id=\"elementor-tab-content-1155\" class=\"elementor-tab-content elementor-clearfix\" data-tab=\"5\" role=\"region\" aria-labelledby=\"elementor-tab-title-1155\"><p>Gouvernante ( Majordome &#8211; Cuisinier &#8211; Agent d\u2019entretien &#8211; Etc <\/p><p>CFIR consulting est une soci\u00e9t\u00e9 qui fournit le personnel de maison (les femmes de m\u00e9nage professionnelles, cuisinier, gouvernantes de maison (au BENIN.<\/p><p>Le personnel de maison est bien form\u00e9 et entrain\u00e9 pour vous offrir les meilleurs qualit\u00e9s de service de m\u00e9nage en nettoyage, lavage, repassage, cuisine, garde des enfants et\/ou des personnes \u00e2g\u00e9es<\/p><p>CFIR Consulting, s\u00e9lectionne le personnel de maison \u00e0 partir des crit\u00e8res du niveau de scolarit\u00e9 et des langues parl\u00e9es et \u00e9crites\u00a0\u00ab\u00a0au moins le Brevet d\u2019Etude du Premier Cycle BEPC pour le niveau de scolarit\u00e9, le fran\u00e7ais et un niveau \u00e9l\u00e9mentaire en anglais en plus de deux langues locales\u00a0\u00bb<\/p><p>Ensuite ils sont form\u00e9s aux t\u00e2ches m\u00e9nag\u00e8res et hospitali\u00e8res \u00ab\u00a0m\u00e9thode de nettoyage, r\u00e8gle d\u2019hygi\u00e8ne et de s\u00e9curit\u00e9, service \u00e0 table, etc\u00a0\u00bb avant d\u2019\u00eatre plac\u00e9 dans une famille.<\/p><p>Trois qualit\u00e9s essentielle sont au c\u0153ur de notre curriculum et enseign\u00e9es \u00e0 notre personnel\u00a0: l\u2019honn\u00eatet\u00e9, la discr\u00e9tion, l\u2019autonomie et la capacit\u00e9 d\u2019organisation.<\/p><p>Nos services sont disponibles par heure et ou par contrat hebdomadaire, mensuel, ou annuel.<\/p><p>Vous avez besoin d\u2019un personnel de maison fiable et comp\u00e9tent\u00a0?<\/p><\/div>\n\t\t\t\t<\/div>\n\t\t\t\t\t\t\t\t<\/div>\n\t\t\t\t\t\t<\/div>\n\t\t\t\t<\/div>\n\t\t\t\t\t<\/div>\n\t\t<\/div>\n\t\t\t\t\t<\/div>\n\t\t<\/section>\n\t\t\t\t<\/div>\n\t\t","protected":false},"excerpt":{"rendered":"<p>MISE A DISPOSITION DE CADRES ET PERSONNELS DE BUREAU EXPERIMENTES Administratif-Banque-Assurance-Telecom-Etc Pour se d\u00e9velopper et<\/p>\n","protected":false},"author":1,"featured_media":0,"parent":0,"menu_order":0,"comment_status":"closed","ping_status":"closed","template":"","meta":{"footnotes":""},"class_list":["post-842","page","type-page","status-publish","hentry"],"_links":{"self":[{"href":"https:\/\/cfirconsulting.com\/index.php\/wp-json\/wp\/v2\/pages\/842","targetHints":{"allow":["GET"]}}],"collection":[{"href":"https:\/\/cfirconsulting.com\/index.php\/wp-json\/wp\/v2\/pages"}],"about":[{"href":"https:\/\/cfirconsulting.com\/index.php\/wp-json\/wp\/v2\/types\/page"}],"author":[{"embeddable":true,"href":"https:\/\/cfirconsulting.com\/index.php\/wp-json\/wp\/v2\/users\/1"}],"replies":[{"embeddable":true,"href":"https:\/\/cfirconsulting.com\/index.php\/wp-json\/wp\/v2\/comments?post=842"}],"version-history":[{"count":5,"href":"https:\/\/cfirconsulting.com\/index.php\/wp-json\/wp\/v2\/pages\/842\/revisions"}],"predecessor-version":[{"id":1187,"href":"https:\/\/cfirconsulting.com\/index.php\/wp-json\/wp\/v2\/pages\/842\/revisions\/1187"}],"wp:attachment":[{"href":"https:\/\/cfirconsulting.com\/index.php\/wp-json\/wp\/v2\/media?parent=842"}],"curies":[{"name":"wp","href":"https:\/\/api.w.org\/{rel}","templated":true}]}}