{"id":838,"date":"2021-03-26T18:15:50","date_gmt":"2021-03-26T17:15:50","guid":{"rendered":"https:\/\/cfirconsulting.com\/?page_id=838"},"modified":"2021-03-29T12:19:00","modified_gmt":"2021-03-29T10:19:00","slug":"nos-services","status":"publish","type":"page","link":"https:\/\/cfirconsulting.com\/index.php\/nos-services\/","title":{"rendered":"Nos services"},"content":{"rendered":"<ul>\n<li>Recrutement et formation<\/li>\n<li>R\u00e9daction de manuel de proc\u00e9dure<\/li>\n<li>R\u00e9daction de business plan<\/li>\n<li>Assistance comptable et en organisation<\/li>\n<li>\u00c9tudes strat\u00e9giques\u00a0: privation, restructuration, \u00e9tude de faisabilit\u00e9 de projet, etc.<\/li>\n<li>Analyse et \u00e9tude financi\u00e8re, recherche<\/li>\n<li>Recouvrement de cr\u00e9ance<\/li>\n<li>Veille \u00e9conomique \u00ab\u00a0commerciale et industrielle\u00a0\u00bb<\/li>\n<li>Etc.<\/li>\n<\/ul>\n<p>Avec CFIR CONSULTING, d\u00e9veloppez votre activit\u00e9 sans risque gr\u00e2ce \u00e0 la mise \u00e0 disposition des salari\u00e9s.<\/p>\n<p><em><strong>L\u2019int\u00e9rim, la solution id\u00e9ale pour les entreprises et associations en plein d\u00e9veloppement<\/strong><\/em><\/p>\n","protected":false},"excerpt":{"rendered":"<p>Recrutement et formation R\u00e9daction de manuel de proc\u00e9dure R\u00e9daction de business plan Assistance comptable et<\/p>\n","protected":false},"author":1,"featured_media":0,"parent":0,"menu_order":0,"comment_status":"closed","ping_status":"closed","template":"","meta":{"footnotes":""},"class_list":["post-838","page","type-page","status-publish","hentry"],"_links":{"self":[{"href":"https:\/\/cfirconsulting.com\/index.php\/wp-json\/wp\/v2\/pages\/838","targetHints":{"allow":["GET"]}}],"collection":[{"href":"https:\/\/cfirconsulting.com\/index.php\/wp-json\/wp\/v2\/pages"}],"about":[{"href":"https:\/\/cfirconsulting.com\/index.php\/wp-json\/wp\/v2\/types\/page"}],"author":[{"embeddable":true,"href":"https:\/\/cfirconsulting.com\/index.php\/wp-json\/wp\/v2\/users\/1"}],"replies":[{"embeddable":true,"href":"https:\/\/cfirconsulting.com\/index.php\/wp-json\/wp\/v2\/comments?post=838"}],"version-history":[{"count":2,"href":"https:\/\/cfirconsulting.com\/index.php\/wp-json\/wp\/v2\/pages\/838\/revisions"}],"predecessor-version":[{"id":857,"href":"https:\/\/cfirconsulting.com\/index.php\/wp-json\/wp\/v2\/pages\/838\/revisions\/857"}],"wp:attachment":[{"href":"https:\/\/cfirconsulting.com\/index.php\/wp-json\/wp\/v2\/media?parent=838"}],"curies":[{"name":"wp","href":"https:\/\/api.w.org\/{rel}","templated":true}]}}